{"id":12,"date":"2020-12-14T02:51:28","date_gmt":"2020-12-14T02:51:28","guid":{"rendered":"https:\/\/cucoconstituyente.com\/?page_id=12"},"modified":"2020-12-29T20:44:18","modified_gmt":"2020-12-30T01:44:18","slug":"acerca-de","status":"publish","type":"page","link":"https:\/\/cuconstituyente.com\/index.php\/acerca-de\/","title":{"rendered":"Acerca de"},"content":{"rendered":"\n<h3 class=\"wp-block-heading\">\u00bfQu\u00e9 es CUCO?<\/h3>\n\n\n\n<p class=\"has-text-align-justify\"><strong>El Movimiento Ciudadanos Unidos por La Constituyente (CUCO)<\/strong> inicia con firmeza patri\u00f3tica, sus actividades para hacer valer el principio que dice \u00abEl poder p\u00fablico solo emana del pueblo\u00bb y lo hacemos a trav\u00e9s de un proceso constituyente, que nos lleve a los paname\u00f1os a contar con una nueva constituci\u00f3n.<\/p>\n\n\n\n<p class=\"has-text-align-justify\">Nuestro Movimiento esta integrado por ciudadanos y profesionales de diversas opiniones, que nos hemos unidos para hacer de la constituyente una realidad.<\/p>\n\n\n\n<p class=\"has-text-align-justify\">Hacemos un llamado a todo nuestros compatriotas para que se integren a CUCO y que la participaci\u00f3n ciudadana fortalezca dicho clamor nacional.<\/p>\n\n\n\n<h3 class=\"wp-block-heading\">Visi\u00f3n<\/h3>\n\n\n\n<ol class=\"wp-block-list\"><li>Alcanzar un pa\u00eds donde el respeto cotidiano al poder ciudadano sea real y efectivo, en lo social, econ\u00f3mico y pol\u00edtico.<\/li><li>Hacer posible que exista una mayor equidad, real y efectiva distribuci\u00f3n de la riqueza con desarrollo e inclusi\u00f3n.<\/li><\/ol>\n\n\n\n<h3 class=\"wp-block-heading\">Misi\u00f3n<\/h3>\n\n\n\n<p class=\"has-text-align-justify\">Incentivar a la poblaci\u00f3n a tomar conciencia del actual estado de cosas que debemos transformar, con el fin de que nuestro pa\u00eds responda a su verdadero destino hist\u00f3rico. Para que los principios y valores humanos que deben imperar en un Estado de Derecho Constitucional sean efectivos cuando antes, como consecuencia de las acciones que debemos  llevar a cabo, para garantizar una vida digna y la tranquilidad de los paname\u00f1os.<\/p>\n","protected":false},"excerpt":{"rendered":"<p>\u00bfQu\u00e9 es CUCO? El Movimiento Ciudadanos Unidos por La Constituyente (CUCO) inicia con firmeza patri\u00f3tica, sus actividades para hacer valer el principio que dice \u00abEl poder p\u00fablico solo emana del pueblo\u00bb y lo hacemos a trav\u00e9s de un proceso constituyente, que nos lleve a los paname\u00f1os a contar con una nueva constituci\u00f3n. Nuestro Movimiento esta [&hellip;]<\/p>\n","protected":false},"author":1,"featured_media":0,"parent":0,"menu_order":0,"comment_status":"closed","ping_status":"closed","template":"templates\/template-full-width.php","meta":{"_editorskit_title_hidden":false,"_editorskit_reading_time":0,"_editorskit_is_block_options_detached":false,"_editorskit_block_options_position":"{}","jetpack_post_was_ever_published":false,"footnotes":""},"class_list":["post-12","page","type-page","status-publish","hentry"],"jetpack_sharing_enabled":true,"jetpack_likes_enabled":true,"_links":{"self":[{"href":"https:\/\/cuconstituyente.com\/index.php\/wp-json\/wp\/v2\/pages\/12","targetHints":{"allow":["GET"]}}],"collection":[{"href":"https:\/\/cuconstituyente.com\/index.php\/wp-json\/wp\/v2\/pages"}],"about":[{"href":"https:\/\/cuconstituyente.com\/index.php\/wp-json\/wp\/v2\/types\/page"}],"author":[{"embeddable":true,"href":"https:\/\/cuconstituyente.com\/index.php\/wp-json\/wp\/v2\/users\/1"}],"replies":[{"embeddable":true,"href":"https:\/\/cuconstituyente.com\/index.php\/wp-json\/wp\/v2\/comments?post=12"}],"version-history":[{"count":3,"href":"https:\/\/cuconstituyente.com\/index.php\/wp-json\/wp\/v2\/pages\/12\/revisions"}],"predecessor-version":[{"id":66,"href":"https:\/\/cuconstituyente.com\/index.php\/wp-json\/wp\/v2\/pages\/12\/revisions\/66"}],"wp:attachment":[{"href":"https:\/\/cuconstituyente.com\/index.php\/wp-json\/wp\/v2\/media?parent=12"}],"curies":[{"name":"wp","href":"https:\/\/api.w.org\/{rel}","templated":true}]}}